{"id":1135,"date":"2025-09-12T13:13:18","date_gmt":"2025-09-12T12:13:18","guid":{"rendered":"https:\/\/gaeilgeabc.ie\/calendar-test\/"},"modified":"2025-10-14T22:01:42","modified_gmt":"2025-10-14T21:01:42","slug":"calendar-test","status":"publish","type":"page","link":"https:\/\/gaeilgeabc.ie\/en\/calendar-test\/","title":{"rendered":"Events Calendar"},"content":{"rendered":"<div id=\"cs-content\" class=\"cs-content\"><\/div>\n","protected":false},"excerpt":{"rendered":"<p>An Mh\u00ed seoD\u00e1ta Su\u00edomh Imeachta Chuile CheannAras Mhic AmhlaighCol\u00e1iste na CoirbeGaelscoil Mhic AmhlaighOst\u00e1n an Chla\u00ed Bh\u00e1inS\u00fail Eile Space Eagra\u00ed Imeachta Chuile CheannClub Lego Chnoc na CathrachGaeilge ABCKnocknacara Lego ClubTuismitheoir\u00ed na Gaeltachta Clib Imeachta Chuile CheannCiorcal Comhr\u00e1FoghlaimBearnaLearningBearnaConversation CircleCnoc na CathrachClub LeabharBook ClubKnocknacarra Aibre\u00e1n C\u00e9ad22Aib18:30C\u00e9ad19:30Conversation Circle18:30 &#8211; 19:30 S\u00fail Eile Space Eagra\u00ed Imeachta: Gaeilge ABC Aoi24Aib11:00Aoi12:00Conversation Circle11:00 &#8211; 12:00 Ost\u00e1n an Chla\u00ed &#8230; <\/p>\n<div><a href=\"https:\/\/gaeilgeabc.ie\/en\/events\/november-movie\/\" class=\"more-link\">Read More<\/a><\/div>\n","protected":false},"author":1,"featured_media":0,"parent":0,"menu_order":0,"comment_status":"closed","ping_status":"closed","template":"template-blank-4.php","meta":{"_acf_changed":false,"footnotes":""},"class_list":["post-1135","page","type-page","status-publish","hentry","no-post-thumbnail"],"acf":[],"_links":{"self":[{"href":"https:\/\/gaeilgeabc.ie\/en\/wp-json\/wp\/v2\/pages\/1135","targetHints":{"allow":["GET"]}}],"collection":[{"href":"https:\/\/gaeilgeabc.ie\/en\/wp-json\/wp\/v2\/pages"}],"about":[{"href":"https:\/\/gaeilgeabc.ie\/en\/wp-json\/wp\/v2\/types\/page"}],"author":[{"embeddable":true,"href":"https:\/\/gaeilgeabc.ie\/en\/wp-json\/wp\/v2\/users\/1"}],"replies":[{"embeddable":true,"href":"https:\/\/gaeilgeabc.ie\/en\/wp-json\/wp\/v2\/comments?post=1135"}],"version-history":[{"count":12,"href":"https:\/\/gaeilgeabc.ie\/en\/wp-json\/wp\/v2\/pages\/1135\/revisions"}],"predecessor-version":[{"id":1338,"href":"https:\/\/gaeilgeabc.ie\/en\/wp-json\/wp\/v2\/pages\/1135\/revisions\/1338"}],"wp:attachment":[{"href":"https:\/\/gaeilgeabc.ie\/en\/wp-json\/wp\/v2\/media?parent=1135"}],"curies":[{"name":"wp","href":"https:\/\/api.w.org\/{rel}","templated":true}]}}