{"id":1525,"date":"2025-11-06T16:32:19","date_gmt":"2025-11-06T16:32:19","guid":{"rendered":"https:\/\/gaeilgeabc.ie\/ceili-knockna-catharrh\/"},"modified":"2025-11-16T15:51:36","modified_gmt":"2025-11-16T15:51:36","slug":"ceili-knockna-catharrh","status":"publish","type":"page","link":"https:\/\/gaeilgeabc.ie\/en\/ceili-knockna-catharrh\/","title":{"rendered":"Knocknacarra C\u00e9il\u00ed"},"content":{"rendered":"<div id=\"cs-content\" class=\"cs-content\"><\/div>\n","protected":false},"excerpt":{"rendered":"<p>C\u00e9il\u00ed Knocknacarra Registration Join us for a workshop, c\u00e9il\u00ed and the craic as we set dance starting at 2:00 on Sunday 16 November in Gaelscoil Mhic Amhlaigh (H91 FV4D) . No experience is required to take part, as our set dance teacher from University College Cork, Si\u00fan N\u00ed Eart\u00e1in , will be with us for an hour between 2:00 and &#8230; <\/p>\n<div><a href=\"https:\/\/gaeilgeabc.ie\/en\/ceili-knockna-catharrh\/\" class=\"more-link\">Read More<\/a><\/div>\n","protected":false},"author":2,"featured_media":0,"parent":0,"menu_order":0,"comment_status":"closed","ping_status":"closed","template":"template-blank-4.php","meta":{"_acf_changed":false,"footnotes":""},"class_list":["post-1525","page","type-page","status-publish","hentry","no-post-thumbnail"],"acf":[],"_links":{"self":[{"href":"https:\/\/gaeilgeabc.ie\/en\/wp-json\/wp\/v2\/pages\/1525","targetHints":{"allow":["GET"]}}],"collection":[{"href":"https:\/\/gaeilgeabc.ie\/en\/wp-json\/wp\/v2\/pages"}],"about":[{"href":"https:\/\/gaeilgeabc.ie\/en\/wp-json\/wp\/v2\/types\/page"}],"author":[{"embeddable":true,"href":"https:\/\/gaeilgeabc.ie\/en\/wp-json\/wp\/v2\/users\/2"}],"replies":[{"embeddable":true,"href":"https:\/\/gaeilgeabc.ie\/en\/wp-json\/wp\/v2\/comments?post=1525"}],"version-history":[{"count":6,"href":"https:\/\/gaeilgeabc.ie\/en\/wp-json\/wp\/v2\/pages\/1525\/revisions"}],"predecessor-version":[{"id":1538,"href":"https:\/\/gaeilgeabc.ie\/en\/wp-json\/wp\/v2\/pages\/1525\/revisions\/1538"}],"wp:attachment":[{"href":"https:\/\/gaeilgeabc.ie\/en\/wp-json\/wp\/v2\/media?parent=1525"}],"curies":[{"name":"wp","href":"https:\/\/api.w.org\/{rel}","templated":true}]}}