{"id":1566,"date":"2025-11-16T15:47:58","date_gmt":"2025-11-16T15:47:58","guid":{"rendered":"https:\/\/gaeilgeabc.ie\/lego-club\/"},"modified":"2025-11-20T15:02:24","modified_gmt":"2025-11-20T15:02:24","slug":"club-lego","status":"publish","type":"page","link":"https:\/\/gaeilgeabc.ie\/en\/club-lego\/","title":{"rendered":"Lego Club"},"content":{"rendered":"<div id=\"cs-content\" class=\"cs-content\"><\/div>\n","protected":false},"excerpt":{"rendered":"<p>Knocknacara Lego Club Registration T\u00e1 an seisi\u00fan seo anois l\u00e1n. \u00a0The first session of the ABC Irish LEGO Club will begin on Saturday 29\/11\/25 at 11:00-12:00 in \u00c1ras Mhic Amhlaigh. The second session of the Club will be on Saturday 10\/01\/26 from 11:00-12:00 in \u00c1ras Mhic Amhlaigh. We plan to organize a session on the second Saturday of each month &#8230; <\/p>\n<div><a href=\"https:\/\/gaeilgeabc.ie\/en\/club-lego\/\" class=\"more-link\">Read More<\/a><\/div>\n","protected":false},"author":2,"featured_media":0,"parent":0,"menu_order":0,"comment_status":"closed","ping_status":"closed","template":"template-blank-4.php","meta":{"_acf_changed":false,"footnotes":""},"class_list":["post-1566","page","type-page","status-publish","hentry","no-post-thumbnail"],"acf":[],"_links":{"self":[{"href":"https:\/\/gaeilgeabc.ie\/en\/wp-json\/wp\/v2\/pages\/1566","targetHints":{"allow":["GET"]}}],"collection":[{"href":"https:\/\/gaeilgeabc.ie\/en\/wp-json\/wp\/v2\/pages"}],"about":[{"href":"https:\/\/gaeilgeabc.ie\/en\/wp-json\/wp\/v2\/types\/page"}],"author":[{"embeddable":true,"href":"https:\/\/gaeilgeabc.ie\/en\/wp-json\/wp\/v2\/users\/2"}],"replies":[{"embeddable":true,"href":"https:\/\/gaeilgeabc.ie\/en\/wp-json\/wp\/v2\/comments?post=1566"}],"version-history":[{"count":15,"href":"https:\/\/gaeilgeabc.ie\/en\/wp-json\/wp\/v2\/pages\/1566\/revisions"}],"predecessor-version":[{"id":1690,"href":"https:\/\/gaeilgeabc.ie\/en\/wp-json\/wp\/v2\/pages\/1566\/revisions\/1690"}],"wp:attachment":[{"href":"https:\/\/gaeilgeabc.ie\/en\/wp-json\/wp\/v2\/media?parent=1566"}],"curies":[{"name":"wp","href":"https:\/\/api.w.org\/{rel}","templated":true}]}}