{"id":1667,"date":"2025-11-18T16:55:59","date_gmt":"2025-11-18T16:55:59","guid":{"rendered":"https:\/\/gaeilgeabc.ie\/learning-resources\/"},"modified":"2025-11-20T09:20:09","modified_gmt":"2025-11-20T09:20:09","slug":"learning-resources","status":"publish","type":"page","link":"https:\/\/gaeilgeabc.ie\/en\/learning-resources\/","title":{"rendered":"Learning Resources"},"content":{"rendered":"<div id=\"cs-content\" class=\"cs-content\"><\/div>\n","protected":false},"excerpt":{"rendered":"<p>Online Learning Resources There are a wealth of free learning resources available online. Below are some of them. Focl\u00f3ir.ie L\u00e9igh N\u00edos M\u00f3Teanglann.ie L\u00e9igh N\u00edos M\u00f3 T\u00e9arma.ie L\u00e9igh N\u00edos M\u00f3Pota Focal L\u00e9igh N\u00edos M\u00f3Gael Gram L\u00e9igh N\u00edos M\u00f3ABAIR L\u00e9igh N\u00edos M\u00f3Corpas.ie L\u00e9igh N\u00edos M\u00f3Ranganna.com L\u00e9igh N\u00edos M\u00f3Logainm.ie L\u00e9igh N\u00edos M\u00f3<\/p>\n","protected":false},"author":2,"featured_media":0,"parent":0,"menu_order":0,"comment_status":"closed","ping_status":"closed","template":"template-blank-4.php","meta":{"_acf_changed":false,"footnotes":""},"class_list":["post-1667","page","type-page","status-publish","hentry","no-post-thumbnail"],"acf":[],"_links":{"self":[{"href":"https:\/\/gaeilgeabc.ie\/en\/wp-json\/wp\/v2\/pages\/1667","targetHints":{"allow":["GET"]}}],"collection":[{"href":"https:\/\/gaeilgeabc.ie\/en\/wp-json\/wp\/v2\/pages"}],"about":[{"href":"https:\/\/gaeilgeabc.ie\/en\/wp-json\/wp\/v2\/types\/page"}],"author":[{"embeddable":true,"href":"https:\/\/gaeilgeabc.ie\/en\/wp-json\/wp\/v2\/users\/2"}],"replies":[{"embeddable":true,"href":"https:\/\/gaeilgeabc.ie\/en\/wp-json\/wp\/v2\/comments?post=1667"}],"version-history":[{"count":7,"href":"https:\/\/gaeilgeabc.ie\/en\/wp-json\/wp\/v2\/pages\/1667\/revisions"}],"predecessor-version":[{"id":1686,"href":"https:\/\/gaeilgeabc.ie\/en\/wp-json\/wp\/v2\/pages\/1667\/revisions\/1686"}],"wp:attachment":[{"href":"https:\/\/gaeilgeabc.ie\/en\/wp-json\/wp\/v2\/media?parent=1667"}],"curies":[{"name":"wp","href":"https:\/\/api.w.org\/{rel}","templated":true}]}}