{"id":1706,"date":"2025-11-21T09:59:09","date_gmt":"2025-11-21T09:59:09","guid":{"rendered":"https:\/\/gaeilgeabc.ie\/family-chat\/"},"modified":"2025-11-21T10:13:09","modified_gmt":"2025-11-21T10:13:09","slug":"family-chat","status":"publish","type":"page","link":"https:\/\/gaeilgeabc.ie\/en\/family-chat\/","title":{"rendered":"Comhr\u00e1 Teaghlaigh"},"content":{"rendered":"<div id=\"cs-content\" class=\"cs-content\"><\/div>\n","protected":false},"excerpt":{"rendered":"<p>Comhr\u00e1 Teaghlaigh Would you like to learn more Irish? Come to a Comhr\u00e1 Teaghaigh which will be run by Tuismeister\u00f3ir\u00ed na Gaeltachta with support from Gaeilge ABC for three weeks starting on Wednesday, 26th November from 10:30 \u2013 11:30 in \u00c1ras Mhic Amhlaigh [H91 A9PX] , and which will meet again on the 3rd and 10th December at the same &#8230; <\/p>\n<div><a href=\"https:\/\/gaeilgeabc.ie\/en\/family-chat\/\" class=\"more-link\">Read More<\/a><\/div>\n","protected":false},"author":2,"featured_media":0,"parent":0,"menu_order":0,"comment_status":"closed","ping_status":"closed","template":"template-blank-4.php","meta":{"_acf_changed":false,"footnotes":""},"class_list":["post-1706","page","type-page","status-publish","hentry","no-post-thumbnail"],"acf":[],"_links":{"self":[{"href":"https:\/\/gaeilgeabc.ie\/en\/wp-json\/wp\/v2\/pages\/1706","targetHints":{"allow":["GET"]}}],"collection":[{"href":"https:\/\/gaeilgeabc.ie\/en\/wp-json\/wp\/v2\/pages"}],"about":[{"href":"https:\/\/gaeilgeabc.ie\/en\/wp-json\/wp\/v2\/types\/page"}],"author":[{"embeddable":true,"href":"https:\/\/gaeilgeabc.ie\/en\/wp-json\/wp\/v2\/users\/2"}],"replies":[{"embeddable":true,"href":"https:\/\/gaeilgeabc.ie\/en\/wp-json\/wp\/v2\/comments?post=1706"}],"version-history":[{"count":5,"href":"https:\/\/gaeilgeabc.ie\/en\/wp-json\/wp\/v2\/pages\/1706\/revisions"}],"predecessor-version":[{"id":1714,"href":"https:\/\/gaeilgeabc.ie\/en\/wp-json\/wp\/v2\/pages\/1706\/revisions\/1714"}],"wp:attachment":[{"href":"https:\/\/gaeilgeabc.ie\/en\/wp-json\/wp\/v2\/media?parent=1706"}],"curies":[{"name":"wp","href":"https:\/\/api.w.org\/{rel}","templated":true}]}}