{"id":477,"date":"2025-03-14T21:34:43","date_gmt":"2025-03-14T21:34:43","guid":{"rendered":"https:\/\/gabc.woodsideserver.com\/events\/"},"modified":"2025-11-08T11:19:40","modified_gmt":"2025-11-08T11:19:40","slug":"regularevents","status":"publish","type":"page","link":"https:\/\/gaeilgeabc.ie\/en\/regularevents\/","title":{"rendered":"Regular Events"},"content":{"rendered":"<div id=\"cs-content\" class=\"cs-content\"><\/div>\n","protected":false},"excerpt":{"rendered":"<p>Regular Events Bearna Conversation Circle Registration is not required for this event. Wednesday at 18:30 in S\u00fail Eile Space, Bearna (H91 AXH1) The conversation circle is a friendly and welcoming group that meets weekly in the S\u00fail Eile Space caf\u00e9 in Bearna to practice their Irish together. It is open to everyone &#8211; whether you are a learner or a &#8230; <\/p>\n<div><a href=\"https:\/\/gaeilgeabc.ie\/en\/regularevents\/\" class=\"more-link\">Read More<\/a><\/div>\n","protected":false},"author":1,"featured_media":0,"parent":0,"menu_order":0,"comment_status":"closed","ping_status":"closed","template":"template-blank-4.php","meta":{"_acf_changed":false,"footnotes":""},"class_list":["post-477","page","type-page","status-publish","hentry","no-post-thumbnail"],"acf":[],"_links":{"self":[{"href":"https:\/\/gaeilgeabc.ie\/en\/wp-json\/wp\/v2\/pages\/477","targetHints":{"allow":["GET"]}}],"collection":[{"href":"https:\/\/gaeilgeabc.ie\/en\/wp-json\/wp\/v2\/pages"}],"about":[{"href":"https:\/\/gaeilgeabc.ie\/en\/wp-json\/wp\/v2\/types\/page"}],"author":[{"embeddable":true,"href":"https:\/\/gaeilgeabc.ie\/en\/wp-json\/wp\/v2\/users\/1"}],"replies":[{"embeddable":true,"href":"https:\/\/gaeilgeabc.ie\/en\/wp-json\/wp\/v2\/comments?post=477"}],"version-history":[{"count":7,"href":"https:\/\/gaeilgeabc.ie\/en\/wp-json\/wp\/v2\/pages\/477\/revisions"}],"predecessor-version":[{"id":1118,"href":"https:\/\/gaeilgeabc.ie\/en\/wp-json\/wp\/v2\/pages\/477\/revisions\/1118"}],"wp:attachment":[{"href":"https:\/\/gaeilgeabc.ie\/en\/wp-json\/wp\/v2\/media?parent=477"}],"curies":[{"name":"wp","href":"https:\/\/api.w.org\/{rel}","templated":true}]}}