{"id":491,"date":"2025-04-16T19:32:48","date_gmt":"2025-04-16T18:32:48","guid":{"rendered":"https:\/\/gabc.woodsideserver.com\/national-support-organizations\/"},"modified":"2025-11-17T17:12:35","modified_gmt":"2025-11-17T17:12:35","slug":"national-support-organizations","status":"publish","type":"page","link":"https:\/\/gaeilgeabc.ie\/en\/national-support-organizations\/","title":{"rendered":"National Support Organizations"},"content":{"rendered":"<div id=\"cs-content\" class=\"cs-content\"><\/div>\n","protected":false},"excerpt":{"rendered":"<p>National Support Organizations \u00dadar\u00e1s na Gaeltachta The preservation and strengthening of Irish as a living language, as well as passing it on as a legacy to the next generation, is the fundamental objective of&#8230;L\u00e9igh N\u00edos M\u00f3Tuismitheoir\u00ed na Gaeltachta Tuismitheoir\u00ed na Gaeltachta provide assistance and support to families who are raising their children with Irish in the Gaeltacht or who wish &#8230; <\/p>\n<div><a href=\"https:\/\/gaeilgeabc.ie\/en\/national-support-organizations\/\" class=\"more-link\">Read More<\/a><\/div>\n","protected":false},"author":1,"featured_media":0,"parent":0,"menu_order":0,"comment_status":"closed","ping_status":"closed","template":"template-blank-4.php","meta":{"_acf_changed":false,"footnotes":""},"class_list":["post-491","page","type-page","status-publish","hentry","no-post-thumbnail"],"acf":[],"_links":{"self":[{"href":"https:\/\/gaeilgeabc.ie\/en\/wp-json\/wp\/v2\/pages\/491","targetHints":{"allow":["GET"]}}],"collection":[{"href":"https:\/\/gaeilgeabc.ie\/en\/wp-json\/wp\/v2\/pages"}],"about":[{"href":"https:\/\/gaeilgeabc.ie\/en\/wp-json\/wp\/v2\/types\/page"}],"author":[{"embeddable":true,"href":"https:\/\/gaeilgeabc.ie\/en\/wp-json\/wp\/v2\/users\/1"}],"replies":[{"embeddable":true,"href":"https:\/\/gaeilgeabc.ie\/en\/wp-json\/wp\/v2\/comments?post=491"}],"version-history":[{"count":15,"href":"https:\/\/gaeilgeabc.ie\/en\/wp-json\/wp\/v2\/pages\/491\/revisions"}],"predecessor-version":[{"id":1609,"href":"https:\/\/gaeilgeabc.ie\/en\/wp-json\/wp\/v2\/pages\/491\/revisions\/1609"}],"wp:attachment":[{"href":"https:\/\/gaeilgeabc.ie\/en\/wp-json\/wp\/v2\/media?parent=491"}],"curies":[{"name":"wp","href":"https:\/\/api.w.org\/{rel}","templated":true}]}}