{"id":698,"date":"2025-07-11T09:22:53","date_gmt":"2025-07-11T08:22:53","guid":{"rendered":"https:\/\/gaeilgeabc.ie\/gaeltacht-nursery-association\/"},"modified":"2025-08-26T17:14:03","modified_gmt":"2025-08-26T16:14:03","slug":"gaeltacht-nursery-association","status":"publish","type":"page","link":"https:\/\/gaeilgeabc.ie\/en\/gaeltacht-nursery-association\/","title":{"rendered":"Gaeltacht Art"},"content":{"rendered":"<div id=\"cs-content\" class=\"cs-content\"><\/div>\n","protected":false},"excerpt":{"rendered":"<p>Classroom Assistant with Pulse Program Eala\u00edn na Gaeltachta&#8217;s Cl\u00e1r Cuisle is looking for a Classroom Assistant for after-school classes in Scoil Sailearna, Indreabh\u00e1n from September onwards. This is a part-time position between 3 &amp; 4 hours in the afternoon from Tuesday to Thursday. Contact cuisle@udaras.ie or call Mary on 087 7806007<\/p>\n","protected":false},"author":2,"featured_media":0,"parent":0,"menu_order":0,"comment_status":"closed","ping_status":"closed","template":"template-blank-4.php","meta":{"_acf_changed":false,"footnotes":""},"class_list":["post-698","page","type-page","status-publish","hentry","no-post-thumbnail"],"acf":[],"_links":{"self":[{"href":"https:\/\/gaeilgeabc.ie\/en\/wp-json\/wp\/v2\/pages\/698","targetHints":{"allow":["GET"]}}],"collection":[{"href":"https:\/\/gaeilgeabc.ie\/en\/wp-json\/wp\/v2\/pages"}],"about":[{"href":"https:\/\/gaeilgeabc.ie\/en\/wp-json\/wp\/v2\/types\/page"}],"author":[{"embeddable":true,"href":"https:\/\/gaeilgeabc.ie\/en\/wp-json\/wp\/v2\/users\/2"}],"replies":[{"embeddable":true,"href":"https:\/\/gaeilgeabc.ie\/en\/wp-json\/wp\/v2\/comments?post=698"}],"version-history":[{"count":4,"href":"https:\/\/gaeilgeabc.ie\/en\/wp-json\/wp\/v2\/pages\/698\/revisions"}],"predecessor-version":[{"id":872,"href":"https:\/\/gaeilgeabc.ie\/en\/wp-json\/wp\/v2\/pages\/698\/revisions\/872"}],"wp:attachment":[{"href":"https:\/\/gaeilgeabc.ie\/en\/wp-json\/wp\/v2\/media?parent=698"}],"curies":[{"name":"wp","href":"https:\/\/api.w.org\/{rel}","templated":true}]}}